{"id":111,"date":"2023-03-28T11:24:06","date_gmt":"2023-03-28T11:24:06","guid":{"rendered":"https:\/\/eusebiguiral.com\/?page_id=111"},"modified":"2025-01-29T11:45:07","modified_gmt":"2025-01-29T11:45:07","slug":"blog-2","status":"publish","type":"page","link":"https:\/\/eusebiguiral.com\/eng\/blog\/","title":{"rendered":"Blog"},"content":{"rendered":"[et_pb_section fb_built=&#8221;1&#8243; _builder_version=&#8221;4.22.1&#8243; _module_preset=&#8221;default&#8221; use_background_color_gradient=&#8221;on&#8221; background_color_gradient_stops=&#8221;rgba(0,0,0,0.3) 0%|rgba(0,0,0,0.3) 100%&#8221; background_color_gradient_overlays_image=&#8221;on&#8221; background_image=&#8221;https:\/\/eusebiguiral.com\/wp-content\/uploads\/2023\/03\/AAG_0139.jpg&#8221; height=&#8221;103vh&#8221; custom_margin=&#8221;-100px||||false|false&#8221; locked=&#8221;off&#8221; global_colors_info=&#8221;{}&#8221;][et_pb_row _builder_version=&#8221;4.21.0&#8243; _module_preset=&#8221;default&#8221; max_width=&#8221;1300px&#8221; height=&#8221;100%&#8221; custom_css_main_element=&#8221;display: flex;||flex-direction: column;||justify-content: center;||&#8221; global_colors_info=&#8221;{}&#8221;][et_pb_column type=&#8221;4_4&#8243; _builder_version=&#8221;4.21.0&#8243; _module_preset=&#8221;default&#8221; global_colors_info=&#8221;{}&#8221;][et_pb_text _builder_version=&#8221;4.23.4&#8243; _module_preset=&#8221;default&#8221; text_font=&#8221;Quicksand||||||||&#8221; text_text_color=&#8221;#FFFFFF&#8221; text_font_size=&#8221;30px&#8221; text_line_height=&#8221;1.4em&#8221; header_font=&#8221;Quicksand||||||||&#8221; header_text_color=&#8221;#FFFFFF&#8221; header_font_size=&#8221;68px&#8221; global_colors_info=&#8221;{}&#8221;]<span style=\"font-family: Nunito; padding-left: 1px;\"><span style=\"font-weight: 300; color: fd4d0b;\">Eusebi<\/span> <strong style=\"color: #fdb306;\">Guiral<\/strong><\/span>\n<h1><span style=\"font-size: 60px;\">The latest news about our activity<\/span><\/h1>[\/et_pb_text][\/et_pb_column][\/et_pb_row][\/et_pb_section][et_pb_section fb_built=&#8221;1&#8243; _builder_version=&#8221;4.20.0&#8243; _module_preset=&#8221;default&#8221; global_colors_info=&#8221;{}&#8221;][et_pb_row make_equal=&#8221;on&#8221; _builder_version=&#8221;4.20.0&#8243; _module_preset=&#8221;default&#8221; max_width=&#8221;1300px&#8221; global_colors_info=&#8221;{}&#8221;][et_pb_column type=&#8221;4_4&#8243; _builder_version=&#8221;4.20.0&#8243; _module_preset=&#8221;default&#8221; custom_css_main_element=&#8221;display: flex;||flex-direction: column;||justify-content: center;&#8221; global_colors_info=&#8221;{}&#8221;][et_pb_text _builder_version=&#8221;4.20.0&#8243; _module_preset=&#8221;default&#8221; header_2_font=&#8221;Nunito|700||on|||||&#8221; header_2_text_align=&#8221;center&#8221; header_2_font_size=&#8221;32px&#8221; global_colors_info=&#8221;{}&#8221;]<h2>Blog<\/h2>[\/et_pb_text][et_pb_code _builder_version=&#8221;4.22.1&#8243; _module_preset=&#8221;default&#8221; global_colors_info=&#8221;{}&#8221;]<script><!-- [et_pb_line_break_holder] -->\/*(function ($) {<!-- [et_pb_line_break_holder] -->  $(document).on(\"ready ajaxComplete\", function () {<!-- [et_pb_line_break_holder] -->    $(\".et-custom-read-more-text .et_pb_post a.more-link\").html(\"Llegir m\u00e9s\");<!-- [et_pb_line_break_holder] -->  });<!-- [et_pb_line_break_holder] -->})(jQuery);<!-- [et_pb_line_break_holder] -->*\/<!-- [et_pb_line_break_holder] --><\/script>[\/et_pb_code][\/et_pb_column][\/et_pb_row][et_pb_row _builder_version=&#8221;4.20.0&#8243; _module_preset=&#8221;default&#8221; global_colors_info=&#8221;{}&#8221;][et_pb_column type=&#8221;4_4&#8243; _builder_version=&#8221;4.20.0&#8243; _module_preset=&#8221;default&#8221; global_colors_info=&#8221;{}&#8221;][et_pb_blog include_categories=&#8221;1&#8243; show_more=&#8221;on&#8221; show_author=&#8221;off&#8221; show_date=&#8221;off&#8221; show_categories=&#8221;off&#8221; module_class=&#8221;et-custom-read-more-text&#8221; _builder_version=&#8221;4.24.2&#8243; _module_preset=&#8221;default&#8221; header_level=&#8221;h3&#8243; header_font=&#8221;Nunito||||||||&#8221; body_font=&#8221;Quicksand||||||||&#8221; global_colors_info=&#8221;{}&#8221;][\/et_pb_blog][\/et_pb_column][\/et_pb_row][\/et_pb_section][et_pb_section fb_built=&#8221;1&#8243; _builder_version=&#8221;4.20.0&#8243; _module_preset=&#8221;default&#8221; background_color=&#8221;#A6D314&#8243; locked=&#8221;off&#8221; global_colors_info=&#8221;{}&#8221;][et_pb_row _builder_version=&#8221;4.20.0&#8243; _module_preset=&#8221;default&#8221; global_colors_info=&#8221;{}&#8221;][et_pb_column type=&#8221;4_4&#8243; _builder_version=&#8221;4.20.0&#8243; _module_preset=&#8221;default&#8221; global_colors_info=&#8221;{}&#8221;][et_pb_text _builder_version=&#8221;4.21.0&#8243; _module_preset=&#8221;default&#8221; header_2_font=&#8221;Nunito|700|||||||&#8221; header_2_text_align=&#8221;center&#8221; header_2_text_color=&#8221;#000000&#8243; header_2_font_size=&#8221;36px&#8221; global_colors_info=&#8221;{}&#8221;]<h2>Do you want more information about our products?<\/h2>[\/et_pb_text][et_pb_button button_url=&#8221;@ET-DC@eyJkeW5hbWljIjp0cnVlLCJjb250ZW50IjoicG9zdF9saW5rX3VybF9wYWdlIiwic2V0dGluZ3MiOnsicG9zdF9pZCI6Ijg3In19@&#8221; button_text=&#8221;Contacta amb nosaltres&#8221; button_alignment=&#8221;center&#8221; _builder_version=&#8221;4.21.0&#8243; _dynamic_attributes=&#8221;button_url&#8221; _module_preset=&#8221;default&#8221; custom_button=&#8221;on&#8221; button_text_color=&#8221;#000000&#8243; button_bg_color=&#8221;#FFFFFF&#8221; button_border_width=&#8221;0px&#8221; button_font=&#8221;Nunito||||||||&#8221; global_colors_info=&#8221;{}&#8221;][\/et_pb_button][\/et_pb_column][\/et_pb_row][\/et_pb_section][et_pb_section fb_built=&#8221;1&#8243; _builder_version=&#8221;4.20.0&#8243; _module_preset=&#8221;default&#8221; background_color=&#8221;#fcfcfc&#8221; locked=&#8221;off&#8221; global_colors_info=&#8221;{}&#8221;][et_pb_row column_structure=&#8221;1_2,1_2&#8243; make_equal=&#8221;on&#8221; _builder_version=&#8221;4.22.1&#8243; _module_preset=&#8221;default&#8221; max_width=&#8221;1300px&#8221; global_colors_info=&#8221;{}&#8221;][et_pb_column type=&#8221;1_2&#8243; _builder_version=&#8221;4.22.1&#8243; _module_preset=&#8221;default&#8221; global_colors_info=&#8221;{}&#8221;][et_pb_text _builder_version=&#8221;4.22.1&#8243; _module_preset=&#8221;default&#8221; header_2_font=&#8221;Nunito|700|||||||&#8221; header_2_text_align=&#8221;left&#8221; header_2_font_size=&#8221;32px&#8221; header_3_font=&#8221;Nunito|700|||||||&#8221; header_3_text_align=&#8221;left&#8221; header_3_font_size=&#8221;28px&#8221; global_colors_info=&#8221;{}&#8221;]<h3>Contact information<\/h3>[\/et_pb_text][et_pb_blurb title=&#8221; &#8221; use_icon=&#8221;on&#8221; font_icon=&#8221;&#xe090;||divi||400&#8243; icon_color=&#8221;#80BF20&#8243; icon_placement=&#8221;left&#8221; image_icon_width=&#8221;40px&#8221; admin_label=&#8221;Anuncio&#8221; _builder_version=&#8221;4.22.1&#8243; _module_preset=&#8221;default&#8221; header_level=&#8221;h3&#8243; header_font=&#8221;Poppins||||||||&#8221; body_font=&#8221;Nunito||||||||&#8221; body_font_size=&#8221;18px&#8221; custom_css_blurb_image=&#8221;padding-right: 10px;||vertical-align: middle;||position: relative;&#8221; locked=&#8221;off&#8221; global_colors_info=&#8221;{}&#8221;]933 35 39 46[\/et_pb_blurb][et_pb_blurb title=&#8221; &#8221; use_icon=&#8221;on&#8221; font_icon=&#8221;&#xe076;||divi||400&#8243; icon_color=&#8221;#80BF20&#8243; icon_placement=&#8221;left&#8221; image_icon_width=&#8221;40px&#8221; admin_label=&#8221;Anuncio&#8221; _builder_version=&#8221;4.22.1&#8243; _module_preset=&#8221;default&#8221; header_level=&#8221;h3&#8243; header_font=&#8221;Poppins||||||||&#8221; body_font=&#8221;Nunito||||||||&#8221; body_font_size=&#8221;18px&#8221; link_option_url=&#8221;mailto:eusebi@eusebiguiral.com&#8221; custom_css_blurb_image=&#8221;padding-right: 10px;||vertical-align: middle;||position: relative;&#8221; locked=&#8221;off&#8221; global_colors_info=&#8221;{}&#8221;]eusebi@eusebiguiral.com[\/et_pb_blurb][et_pb_blurb title=&#8221; &#8221; use_icon=&#8221;on&#8221; font_icon=&#8221;&#xe080;||divi||400&#8243; icon_color=&#8221;#80BF20&#8243; icon_placement=&#8221;left&#8221; image_icon_width=&#8221;40px&#8221; admin_label=&#8221;Anuncio&#8221; _builder_version=&#8221;4.22.1&#8243; _module_preset=&#8221;default&#8221; header_level=&#8221;h3&#8243; header_font=&#8221;Poppins||||||||&#8221; body_font=&#8221;Nunito||||||||&#8221; body_font_size=&#8221;18px&#8221; custom_css_blurb_image=&#8221;padding-right: 10px;||vertical-align: middle;||position: relative;&#8221; locked=&#8221;off&#8221; global_colors_info=&#8221;{}&#8221;]Mercabarna, Pabell\u00f3n, A, 1054, 56, 08040 Barcelona[\/et_pb_blurb][et_pb_blurb title=&#8221; &#8221; use_icon=&#8221;on&#8221; font_icon=&#8221;&#xf017;||fa||900&#8243; icon_color=&#8221;#80BF20&#8243; icon_placement=&#8221;left&#8221; image_icon_width=&#8221;40px&#8221; admin_label=&#8221;Anuncio&#8221; _builder_version=&#8221;4.22.1&#8243; _module_preset=&#8221;default&#8221; header_level=&#8221;h3&#8243; header_font=&#8221;Poppins||||||||&#8221; body_font=&#8221;Nunito||||||||&#8221; body_font_size=&#8221;18px&#8221; custom_css_blurb_image=&#8221;padding-right: 10px;||vertical-align: middle;||position: relative;&#8221; locked=&#8221;off&#8221; global_colors_info=&#8221;{}&#8221;]Oberts de 8:00 a 18:00[\/et_pb_blurb][\/et_pb_column][et_pb_column type=&#8221;1_2&#8243; _builder_version=&#8221;4.20.0&#8243; _module_preset=&#8221;default&#8221; global_colors_info=&#8221;{}&#8221;][et_pb_text _builder_version=&#8221;4.22.1&#8243; _module_preset=&#8221;default&#8221; header_2_font=&#8221;Nunito|700|||||||&#8221; header_2_text_align=&#8221;left&#8221; header_2_font_size=&#8221;32px&#8221; header_3_font=&#8221;Nunito|700|||||||&#8221; header_3_text_align=&#8221;left&#8221; header_3_font_size=&#8221;28px&#8221; global_colors_info=&#8221;{}&#8221;]<h3>Form<\/h3>[\/et_pb_text][et_pb_contact_form use_spam_service=&#8221;on&#8221; recaptcha_list=&#8221;Default|Default-0&#8243; email=&#8221;eusebi@eusebiguiral.com&#8221; custom_message=&#8221;Correu des de la WEB eusebiguiral.com||et_pb_line_break_holder||||et_pb_line_break_holder||Nom: %%Name%%||et_pb_line_break_holder||Tel\u00e8fon: %%Telefon%%||et_pb_line_break_holder||Email: %%Email%%||et_pb_line_break_holder||Missatge: %%Message%%&#8221; submit_button_text=&#8221;Envia&#8221; _builder_version=&#8221;4.27.0&#8243; _module_preset=&#8221;default&#8221; _unique_id=&#8221;20bffa56-eae1-4940-9a0e-452dfd6986fb&#8221; form_field_background_color=&#8221;#FFFFFF&#8221; custom_button=&#8221;on&#8221; button_text_color=&#8221;#000000&#8243; button_bg_color=&#8221;#80BF20&#8243; button_border_width=&#8221;0px&#8221; custom_margin=&#8221;||||false|false&#8221; custom_margin_tablet=&#8221;||||false|true&#8221; custom_margin_last_edited=&#8221;off|phone&#8221; hover_enabled=&#8221;0&#8243; border_width_all=&#8221;2px&#8221; border_color_all=&#8221;#80BF20&#8243; locked=&#8221;off&#8221; global_colors_info=&#8221;{}&#8221; sticky_enabled=&#8221;0&#8243;][et_pb_contact_field field_id=&#8221;Name&#8221; field_title=&#8221;Nom *&#8221; _builder_version=&#8221;4.27.0&#8243; hover_enabled=&#8221;0&#8243; global_colors_info=&#8221;{}&#8221; button_text_size__hover_enabled=&#8221;off&#8221; button_one_text_size__hover_enabled=&#8221;off&#8221; button_two_text_size__hover_enabled=&#8221;off&#8221; button_text_color__hover_enabled=&#8221;off&#8221; button_one_text_color__hover_enabled=&#8221;off&#8221; button_two_text_color__hover_enabled=&#8221;off&#8221; button_border_width__hover_enabled=&#8221;off&#8221; button_one_border_width__hover_enabled=&#8221;off&#8221; button_two_border_width__hover_enabled=&#8221;off&#8221; button_border_color__hover_enabled=&#8221;off&#8221; button_one_border_color__hover_enabled=&#8221;off&#8221; button_two_border_color__hover_enabled=&#8221;off&#8221; button_border_radius__hover_enabled=&#8221;off&#8221; button_one_border_radius__hover_enabled=&#8221;off&#8221; button_two_border_radius__hover_enabled=&#8221;off&#8221; button_letter_spacing__hover_enabled=&#8221;off&#8221; button_one_letter_spacing__hover_enabled=&#8221;off&#8221; button_two_letter_spacing__hover_enabled=&#8221;off&#8221; button_bg_color__hover_enabled=&#8221;off&#8221; button_one_bg_color__hover_enabled=&#8221;off&#8221; button_two_bg_color__hover_enabled=&#8221;off&#8221; fullwidth_field=&#8221;on&#8221; sticky_enabled=&#8221;0&#8243;][\/et_pb_contact_field][et_pb_contact_field field_id=&#8221;Telefon&#8221; field_title=&#8221;Tel\u00e8fon&#8221; _builder_version=&#8221;4.27.0&#8243; hover_enabled=&#8221;0&#8243; global_colors_info=&#8221;{}&#8221; button_text_size__hover_enabled=&#8221;off&#8221; button_one_text_size__hover_enabled=&#8221;off&#8221; button_two_text_size__hover_enabled=&#8221;off&#8221; button_text_color__hover_enabled=&#8221;off&#8221; button_one_text_color__hover_enabled=&#8221;off&#8221; button_two_text_color__hover_enabled=&#8221;off&#8221; button_border_width__hover_enabled=&#8221;off&#8221; button_one_border_width__hover_enabled=&#8221;off&#8221; button_two_border_width__hover_enabled=&#8221;off&#8221; button_border_color__hover_enabled=&#8221;off&#8221; button_one_border_color__hover_enabled=&#8221;off&#8221; button_two_border_color__hover_enabled=&#8221;off&#8221; button_border_radius__hover_enabled=&#8221;off&#8221; button_one_border_radius__hover_enabled=&#8221;off&#8221; button_two_border_radius__hover_enabled=&#8221;off&#8221; button_letter_spacing__hover_enabled=&#8221;off&#8221; button_one_letter_spacing__hover_enabled=&#8221;off&#8221; button_two_letter_spacing__hover_enabled=&#8221;off&#8221; button_bg_color__hover_enabled=&#8221;off&#8221; button_one_bg_color__hover_enabled=&#8221;off&#8221; button_two_bg_color__hover_enabled=&#8221;off&#8221; sticky_enabled=&#8221;0&#8243; required_mark=&#8221;off&#8221;][\/et_pb_contact_field][et_pb_contact_field field_id=&#8221;Email&#8221; field_title=&#8221;Adre\u00e7a de correu electr\u00f2nic *&#8221; field_type=&#8221;email&#8221; _builder_version=&#8221;4.27.0&#8243; hover_enabled=&#8221;0&#8243; global_colors_info=&#8221;{}&#8221; button_text_size__hover_enabled=&#8221;off&#8221; button_one_text_size__hover_enabled=&#8221;off&#8221; button_two_text_size__hover_enabled=&#8221;off&#8221; button_text_color__hover_enabled=&#8221;off&#8221; button_one_text_color__hover_enabled=&#8221;off&#8221; button_two_text_color__hover_enabled=&#8221;off&#8221; button_border_width__hover_enabled=&#8221;off&#8221; button_one_border_width__hover_enabled=&#8221;off&#8221; button_two_border_width__hover_enabled=&#8221;off&#8221; button_border_color__hover_enabled=&#8221;off&#8221; button_one_border_color__hover_enabled=&#8221;off&#8221; button_two_border_color__hover_enabled=&#8221;off&#8221; button_border_radius__hover_enabled=&#8221;off&#8221; button_one_border_radius__hover_enabled=&#8221;off&#8221; button_two_border_radius__hover_enabled=&#8221;off&#8221; button_letter_spacing__hover_enabled=&#8221;off&#8221; button_one_letter_spacing__hover_enabled=&#8221;off&#8221; button_two_letter_spacing__hover_enabled=&#8221;off&#8221; button_bg_color__hover_enabled=&#8221;off&#8221; button_one_bg_color__hover_enabled=&#8221;off&#8221; button_two_bg_color__hover_enabled=&#8221;off&#8221; sticky_enabled=&#8221;0&#8243;][\/et_pb_contact_field][et_pb_contact_field field_id=&#8221;Message&#8221; field_title=&#8221;Missatge *&#8221; field_type=&#8221;text&#8221; fullwidth_field=&#8221;on&#8221; _builder_version=&#8221;4.27.0&#8243; hover_enabled=&#8221;0&#8243; global_colors_info=&#8221;{}&#8221; button_text_size__hover_enabled=&#8221;off&#8221; button_one_text_size__hover_enabled=&#8221;off&#8221; button_two_text_size__hover_enabled=&#8221;off&#8221; button_text_color__hover_enabled=&#8221;off&#8221; button_one_text_color__hover_enabled=&#8221;off&#8221; button_two_text_color__hover_enabled=&#8221;off&#8221; button_border_width__hover_enabled=&#8221;off&#8221; button_one_border_width__hover_enabled=&#8221;off&#8221; button_two_border_width__hover_enabled=&#8221;off&#8221; button_border_color__hover_enabled=&#8221;off&#8221; button_one_border_color__hover_enabled=&#8221;off&#8221; button_two_border_color__hover_enabled=&#8221;off&#8221; button_border_radius__hover_enabled=&#8221;off&#8221; button_one_border_radius__hover_enabled=&#8221;off&#8221; button_two_border_radius__hover_enabled=&#8221;off&#8221; button_letter_spacing__hover_enabled=&#8221;off&#8221; button_one_letter_spacing__hover_enabled=&#8221;off&#8221; button_two_letter_spacing__hover_enabled=&#8221;off&#8221; button_bg_color__hover_enabled=&#8221;off&#8221; button_one_bg_color__hover_enabled=&#8221;off&#8221; button_two_bg_color__hover_enabled=&#8221;off&#8221; sticky_enabled=&#8221;0&#8243;][\/et_pb_contact_field][et_pb_contact_field field_id=&#8221;Field_4&#8243; field_title=&#8221; &#8221; field_type=&#8221;checkbox&#8221; checkbox_options=&#8221;%91{%22value%22:%22 Accepto la %22,%22checked%22:0,%22dragID%22:-1,%22link_text%22:%22Pol\u00edtica de privacitat%22,%22link_url%22:%22https:\/\/eusebiguiral.com\/politica-de-privacitat%22}%93&#8243; fullwidth_field=&#8221;on&#8221; _builder_version=&#8221;4.22.1&#8243; _module_preset=&#8221;default&#8221; global_colors_info=&#8221;{}&#8221;][\/et_pb_contact_field][\/et_pb_contact_form][et_pb_text _builder_version=&#8221;4.22.1&#8243; _module_preset=&#8221;default&#8221; link_font=&#8221;|600|||||||&#8221; link_text_color=&#8221;#000000&#8243; locked=&#8221;off&#8221; global_colors_info=&#8221;{}&#8221; link_text_color__hover_enabled=&#8221;off|desktop&#8221;]<p>This site is protected by reCAPTCHA and the <a href=\"https:\/\/policies.google.com\/privacy\">Privacy policy<\/a> and the <a href=\"https:\/\/policies.google.com\/terms\">Terms of service<\/a> from Google.<\/p>[\/et_pb_text][\/et_pb_column][\/et_pb_row][\/et_pb_section]","protected":false},"excerpt":{"rendered":"<p>Eusebi Guiral Les \u00faltimes novetats sobre la nostra activitatBlogVols m\u00e9s informaci\u00f3 sobre els nostres productes?Informaci\u00f3 de contacte933 35 39 46eusebi@eusebiguiral.comMercabarna, Pabell\u00f3n, A, 1054, 56, 08040 BarcelonaOberts de 8:00 a 18:00FormulariAquest lloc est\u00e0 protegit per reCAPTCHA i s&#8217;apliquen la Pol\u00edtica de privadesa i les Condicions del servei de Google.<\/p>","protected":false},"author":1,"featured_media":0,"parent":0,"menu_order":0,"comment_status":"closed","ping_status":"open","template":"","meta":{"_et_pb_use_builder":"on","_et_pb_old_content":"<!-- wp:divi\/placeholder \/-->","_et_gb_content_width":"","footnotes":""},"class_list":["post-111","page","type-page","status-publish","hentry"],"yoast_head":"<!-- This site is optimized with the Yoast SEO plugin v23.9 - https:\/\/yoast.com\/wordpress\/plugins\/seo\/ -->\n<title>Blog - Eusebi Guiral<\/title>\n<meta name=\"description\" content=\"Descobreix inspiraci\u00f3 fresca: submergeix-te al nostre blog a Eusebi Guiral i apr\u00e8n sobre fruites i verdures.\" \/>\n<meta name=\"robots\" content=\"index, follow, max-snippet:-1, max-image-preview:large, max-video-preview:-1\" \/>\n<link rel=\"canonical\" href=\"https:\/\/eusebiguiral.com\/eng\/blog\/\" \/>\n<meta property=\"og:locale\" content=\"en_US\" \/>\n<meta property=\"og:type\" content=\"article\" \/>\n<meta property=\"og:title\" content=\"Blog - Eusebi Guiral\" \/>\n<meta property=\"og:description\" content=\"Descobreix inspiraci\u00f3 fresca: submergeix-te al nostre blog a Eusebi Guiral i apr\u00e8n sobre fruites i verdures.\" \/>\n<meta property=\"og:url\" content=\"https:\/\/eusebiguiral.com\/eng\/blog\/\" \/>\n<meta property=\"og:site_name\" content=\"Eusebi Guiral\" \/>\n<meta property=\"article:publisher\" content=\"https:\/\/www.facebook.com\/profile.php?id=61550539299491\" \/>\n<meta property=\"article:modified_time\" content=\"2025-01-29T11:45:07+00:00\" \/>\n<meta name=\"twitter:card\" content=\"summary_large_image\" \/>\n<meta name=\"twitter:label1\" content=\"Est. reading time\" \/>\n\t<meta name=\"twitter:data1\" content=\"3 minutes\" \/>\n<script type=\"application\/ld+json\" class=\"yoast-schema-graph\">{\"@context\":\"https:\/\/schema.org\",\"@graph\":[{\"@type\":\"WebPage\",\"@id\":\"https:\/\/eusebiguiral.com\/blog-2\/\",\"url\":\"https:\/\/eusebiguiral.com\/blog-2\/\",\"name\":\"Blog - Eusebi Guiral\",\"isPartOf\":{\"@id\":\"https:\/\/eusebiguiral.com\/#website\"},\"datePublished\":\"2023-03-28T11:24:06+00:00\",\"dateModified\":\"2025-01-29T11:45:07+00:00\",\"description\":\"Descobreix inspiraci\u00f3 fresca: submergeix-te al nostre blog a Eusebi Guiral i apr\u00e8n sobre fruites i verdures.\",\"breadcrumb\":{\"@id\":\"https:\/\/eusebiguiral.com\/blog-2\/#breadcrumb\"},\"inLanguage\":\"en-US\",\"potentialAction\":[{\"@type\":\"ReadAction\",\"target\":[\"https:\/\/eusebiguiral.com\/blog-2\/\"]}]},{\"@type\":\"BreadcrumbList\",\"@id\":\"https:\/\/eusebiguiral.com\/blog-2\/#breadcrumb\",\"itemListElement\":[{\"@type\":\"ListItem\",\"position\":1,\"name\":\"Inici\",\"item\":\"https:\/\/eusebiguiral.com\/\"},{\"@type\":\"ListItem\",\"position\":2,\"name\":\"Blog\"}]},{\"@type\":\"WebSite\",\"@id\":\"https:\/\/eusebiguiral.com\/#website\",\"url\":\"https:\/\/eusebiguiral.com\/\",\"name\":\"Eusebi Guiral\",\"description\":\"Sabors de temporada que satisfan als teus clients en tot moment\",\"publisher\":{\"@id\":\"https:\/\/eusebiguiral.com\/#organization\"},\"inLanguage\":\"en-US\"},{\"@type\":\"Organization\",\"@id\":\"https:\/\/eusebiguiral.com\/#organization\",\"name\":\"Eusebi Guiral\",\"url\":\"https:\/\/eusebiguiral.com\/\",\"logo\":{\"@type\":\"ImageObject\",\"inLanguage\":\"en-US\",\"@id\":\"https:\/\/eusebiguiral.com\/#\/schema\/logo\/image\/\",\"url\":\"https:\/\/eusebiguiral.com\/wp-content\/uploads\/2023\/08\/logo-eusebi-3dde5f3b43e61195d83a14f1dccefbd31.png\",\"contentUrl\":\"https:\/\/eusebiguiral.com\/wp-content\/uploads\/2023\/08\/logo-eusebi-3dde5f3b43e61195d83a14f1dccefbd31.png\",\"width\":176,\"height\":176,\"caption\":\"Eusebi Guiral\"},\"image\":{\"@id\":\"https:\/\/eusebiguiral.com\/#\/schema\/logo\/image\/\"},\"sameAs\":[\"https:\/\/www.facebook.com\/profile.php?id=61550539299491\",\"https:\/\/www.instagram.com\/eusebiguiralsa\/\"]}]}<\/script>\n<!-- \/ Yoast SEO plugin. -->","yoast_head_json":{"title":"Blog - Eusebi Guiral","description":"Descobreix inspiraci\u00f3 fresca: submergeix-te al nostre blog a Eusebi Guiral i apr\u00e8n sobre fruites i verdures.","robots":{"index":"index","follow":"follow","max-snippet":"max-snippet:-1","max-image-preview":"max-image-preview:large","max-video-preview":"max-video-preview:-1"},"canonical":"https:\/\/eusebiguiral.com\/eng\/blog\/","og_locale":"en_US","og_type":"article","og_title":"Blog - Eusebi Guiral","og_description":"Descobreix inspiraci\u00f3 fresca: submergeix-te al nostre blog a Eusebi Guiral i apr\u00e8n sobre fruites i verdures.","og_url":"https:\/\/eusebiguiral.com\/eng\/blog\/","og_site_name":"Eusebi Guiral","article_publisher":"https:\/\/www.facebook.com\/profile.php?id=61550539299491","article_modified_time":"2025-01-29T11:45:07+00:00","twitter_card":"summary_large_image","twitter_misc":{"Est. reading time":"3 minutes"},"schema":{"@context":"https:\/\/schema.org","@graph":[{"@type":"WebPage","@id":"https:\/\/eusebiguiral.com\/blog-2\/","url":"https:\/\/eusebiguiral.com\/blog-2\/","name":"Blog - Eusebi Guiral","isPartOf":{"@id":"https:\/\/eusebiguiral.com\/#website"},"datePublished":"2023-03-28T11:24:06+00:00","dateModified":"2025-01-29T11:45:07+00:00","description":"Descobreix inspiraci\u00f3 fresca: submergeix-te al nostre blog a Eusebi Guiral i apr\u00e8n sobre fruites i verdures.","breadcrumb":{"@id":"https:\/\/eusebiguiral.com\/blog-2\/#breadcrumb"},"inLanguage":"en-US","potentialAction":[{"@type":"ReadAction","target":["https:\/\/eusebiguiral.com\/blog-2\/"]}]},{"@type":"BreadcrumbList","@id":"https:\/\/eusebiguiral.com\/blog-2\/#breadcrumb","itemListElement":[{"@type":"ListItem","position":1,"name":"Inici","item":"https:\/\/eusebiguiral.com\/"},{"@type":"ListItem","position":2,"name":"Blog"}]},{"@type":"WebSite","@id":"https:\/\/eusebiguiral.com\/#website","url":"https:\/\/eusebiguiral.com\/","name":"Eusebi Guiral","description":"Sabors de temporada que satisfan als teus clients en tot moment","publisher":{"@id":"https:\/\/eusebiguiral.com\/#organization"},"inLanguage":"en-US"},{"@type":"Organization","@id":"https:\/\/eusebiguiral.com\/#organization","name":"Eusebi Guiral","url":"https:\/\/eusebiguiral.com\/","logo":{"@type":"ImageObject","inLanguage":"en-US","@id":"https:\/\/eusebiguiral.com\/#\/schema\/logo\/image\/","url":"https:\/\/eusebiguiral.com\/wp-content\/uploads\/2023\/08\/logo-eusebi-3dde5f3b43e61195d83a14f1dccefbd31.png","contentUrl":"https:\/\/eusebiguiral.com\/wp-content\/uploads\/2023\/08\/logo-eusebi-3dde5f3b43e61195d83a14f1dccefbd31.png","width":176,"height":176,"caption":"Eusebi Guiral"},"image":{"@id":"https:\/\/eusebiguiral.com\/#\/schema\/logo\/image\/"},"sameAs":["https:\/\/www.facebook.com\/profile.php?id=61550539299491","https:\/\/www.instagram.com\/eusebiguiralsa\/"]}]}},"_links":{"self":[{"href":"https:\/\/eusebiguiral.com\/eng\/wp-json\/wp\/v2\/pages\/111","targetHints":{"allow":["GET"]}}],"collection":[{"href":"https:\/\/eusebiguiral.com\/eng\/wp-json\/wp\/v2\/pages"}],"about":[{"href":"https:\/\/eusebiguiral.com\/eng\/wp-json\/wp\/v2\/types\/page"}],"author":[{"embeddable":true,"href":"https:\/\/eusebiguiral.com\/eng\/wp-json\/wp\/v2\/users\/1"}],"replies":[{"embeddable":true,"href":"https:\/\/eusebiguiral.com\/eng\/wp-json\/wp\/v2\/comments?post=111"}],"version-history":[{"count":23,"href":"https:\/\/eusebiguiral.com\/eng\/wp-json\/wp\/v2\/pages\/111\/revisions"}],"predecessor-version":[{"id":1420,"href":"https:\/\/eusebiguiral.com\/eng\/wp-json\/wp\/v2\/pages\/111\/revisions\/1420"}],"wp:attachment":[{"href":"https:\/\/eusebiguiral.com\/eng\/wp-json\/wp\/v2\/media?parent=111"}],"curies":[{"name":"wp","href":"https:\/\/api.w.org\/{rel}","templated":true}]}}