{"id":499,"date":"2023-05-19T15:12:01","date_gmt":"2023-05-19T15:12:01","guid":{"rendered":"https:\/\/eusebiguiral.com\/?page_id=499"},"modified":"2023-08-28T06:25:58","modified_gmt":"2023-08-28T06:25:58","slug":"avis-legal","status":"publish","type":"page","link":"https:\/\/eusebiguiral.com\/eng\/legal-warning\/","title":{"rendered":"Legal warning"},"content":{"rendered":"<p>This Legal Notice regulates the access by the user of the website (hereinafter, the &#039;User&#039;) to the contents provided by Eusebi Guiral SA. The simple use of the information contained in this web page implies full acceptance of the Legal Notice, and for this reason we recommend that you access it every time you return to this website, given its constant updating.<\/p>\n\n\n\n<h2 class=\"wp-block-heading\">Identification Data<\/h2>\n\n\n\n<p>In compliance with the obligations established in the LSSI, it is brought to your attention that the eusebiguiral.com domain is the property of Eusebi Guiral SA:<\/p>\n\n\n\n<p>Company: Eusebi Guiral SA<\/p>\n\n\n\n<p>NIF: A58934019<\/p>\n\n\n\n<p>Address: Mercabarna, Pabell\u00f3n, A, 1054, 56, 08040 Barcelona<\/p>\n\n\n\n<p>Telephone: +34 933 35 39 46<\/p>\n\n\n\n<p>E-mail: eusebi@eusebiguiral.com<\/p>\n\n\n\n<h2 class=\"wp-block-heading\">General conditions of use of the website<\/h2>\n\n\n\n<p>As a general rule, the user assumes the obligation to use the portal in accordance with what is stipulated by current legislation, in good faith and with generally accepted usages and customs. Likewise, the user undertakes not to use the services of the website to carry out illegal or criminal activities and \/ or that infringe intellectual or industrial property, or any other law of the legal system.<\/p>\n\n\n\n<p>The contents of the website (https:\/\/eusebiguiral.com\/), both texts, images, graphic design, structure, source code, logos, brands, etc., are the exclusive property of Eusebi Guiral SA or, where appropriate, of the persons or companies that appear as authors or holders of the rights and are protected by the regulations governing Intellectual and Industrial Property, the reproduction, modification, distribution or total or partial manipulation of the same being prohibited, unless has the prior and express authorization with written permission of the owners of the website https:\/\/eusebiguiral.com\/ or is authorized by the Law.<\/p>\n\n\n\n<h2 class=\"wp-block-heading\">Brands:<\/h2>\n\n\n\n<p>On this page, some terms and logos are mentioned indirectly and at an informative level, which constitute trademarks registered by their respective owners, not making us responsible for the inappropriate use that third parties may make of these trademarks.<\/p>\n\n\n\n<h2 class=\"wp-block-heading\">Links:<\/h2>\n\n\n\n<p>The owner of the website is not responsible for those other data, websites or files to which it is possible to access through links (links) available among their contents, given that these pages or files that are linked are the responsibility of their respective holders. This page, therefore, neither approves nor owns the products, services, contents, information, data, files and any type of material existing on such web pages or files and does not control or, in accordance with the provisions of the LSSICE, is responsible for the quality, legality, reliability and usefulness of the information, contents, data and services existing in the linked sites and which are unrelated to this page. In the event that a competent body declares the illegality of the data, orders its withdrawal or makes access to the same impossible, or the existence of the injury has been declared, and we have been expressly notified of the corresponding resolution , the links indicated would be immediately removed.<\/p>\n\n\n\n<h2 class=\"wp-block-heading\">Session cookies:<\/h2>\n\n\n\n<p>Access to this site may involve the use of session cookies. Session cookies are small amounts of information that are stored in the browser used by each user so that the server remembers certain information that can be used later. This information makes it possible to identify you as a specific user anonymously. Those users who do not wish to receive cookies or wish to be informed before they are stored on their computer, can configure their browser for this purpose without the general visualization of this website being affected.<\/p>\n\n\n\n<h2 class=\"wp-block-heading\">Privacy policy<\/h2>\n\n\n\n<p>The privacy policy of the website https:\/\/eusebiguiral.com\/ informs the users of this website of the following points so that they can decide freely and voluntarily if they wish to provide the personal data that may be requested of them through the use of the different services we offer, bearing in mind that these personal data will be strictly essential to be able to provide you with the service you have selected.<\/p>\n\n\n\n<h2 class=\"wp-block-heading\">LOPD:<\/h2>\n\n\n\n<p>The data we request will have the treatment and purpose for which they are collected, as specified in the legal notice in accordance with the Organic Data Protection Law (LOPD). They will form part of an automated file, which has been registered with the Spanish Data Protection Agency.<\/p>\n\n\n\n<p>And the user can at any time access, rectify, cancel in whole or in part their data before the person responsible for the file: Eusebi Guiral SA, Mercabarna, Pabell\u00f3n, A, 1054, 56, 08040 Barcelona Telephone. +34 933 35 39 46, email: eusebi@eusebiguiral.com, indicating as subject or reference \u201cModifying data in the files of the website https:\/\/eusebiguiral.com\/\u201d.<\/p>\n\n\n\n<h2 class=\"wp-block-heading\">Collection of information:<\/h2>\n\n\n\n<p>Only the information that is essential for us at a technical level to be able to offer you a satisfactory service will be collected electronically. When you connect, we exclusively analyze the type of browser and the character set you are using and its version in order to display the website https:\/\/eusebiguiral.com\/ correctly.<\/p>\n\n\n\n<p>The access or use of this website by the user implies his consent and acceptance of all the conditions set forth.<\/p>\n\n\n\n<h2 class=\"wp-block-heading\">Protection of Personal Data<\/h2>\n\n\n\n<p>In compliance with articles 5 and 6 of Law 15\/1999, which regulate the right to information in the collection of data and the consent of the affected person, the following points are noted:<\/p>\n\n\n\n<h3 class=\"wp-block-heading\">For the introduction of personal data on this website:<\/h3>\n\n\n\n<p>You are consenting to its treatment.<\/p>\n\n\n\n<p>They must be included in a file owned by Eusebi Guiral SA These data may be used to send information about our services.<\/p>\n\n\n\n<p>The data obtained are relevant for the purpose for which it has been requested.<\/p>\n\n\n\n<p>You may at all times exercise your rights of access, rectification, cancellation and opposition of your personal data to: Eusebi Guiral SA Mercabarna, Pabell\u00f3n, A, 1054, 56, 08040 Barcelona Telephone. +34 933 35 39 46, email: eusebi@eusebiguiral.com, indicating as subject or reference \u201cModifying data in the files of the website https:\/\/eusebiguiral.com\/\u201d.<\/p>\n\n\n\n<h2 class=\"wp-block-heading\">Limitation of Responsibilities<\/h2>\n\n\n\n<h3 class=\"wp-block-heading\">Of the Information<\/h3>\n\n\n\n<p>Eusebi Guiral SA is not responsible for the veracity, accuracy, adequacy, suitability, and updating of the information provided through https:\/\/eusebiguiral.com\/. The contents of this page are of an informative nature, so Eusebi Guiral SA is not responsible for the decisions taken by the user based on them, nor for the damages caused to the user or to third parties based on to the information obtained on this website.<\/p>\n\n\n\n<h3 class=\"wp-block-heading\">Of the quality of the service<\/h3>\n\n\n\n<p>The user admits to knowing and being aware of the existence of viruses, worms and other malicious elements on the Network. The user is responsible for the availability of suitable tools for the detection and disinfection of these harmful computer programs, without Eusebi Guiral SA being responsible for the damage caused to the computer equipment of the user or third parties during their access to the site web.<\/p>\n\n\n\n<h3 class=\"wp-block-heading\">Availability of the Service<\/h3>\n\n\n\n<p>Access to the website requires services and supplies from other information society service providers, the reliability, quality, continuity and operation is beyond the control of Eusebi Guiral SA Therefore, the services provided through the site website may be suspended, canceled or become inaccessible at any time.<\/p>\n\n\n\n<p>Eusebi Guiral SA is not responsible for damages of any kind caused to the User that cause errors or disconnections in the telecommunications networks that cause the suspension, cancellation or interruption of the website service during the provision of the same or previously.<\/p>\n\n\n\n<h3 class=\"wp-block-heading\">Of the contents accessed on or through the website<\/h3>\n\n\n\n<p>This website allows access to links and other web pages (hereinafter, \u201cLinked Sites\u201d). In these cases, https:\/\/eusebiguiral.com\/ acts as an intermediary service provider in accordance with the provisions of the LSSI, so that it will only be responsible for the content and services provided on the linked sites to the extent that it has knowledge effect of the illegality and has not acted with due diligence to remove these contents. If you consider that one of the linked sites includes illegal or inappropriate content, you can notify Eusebi Guiral SA who will act diligently to remove the links as appropriate.<\/p>\n\n\n\n<p>Eusebi Guiral SA is also not responsible for the content and services offered on the linked sites, so it is not responsible for damages caused by their illegality, quality, outdatedness, unavailability, error or uselessness.<\/p>\n\n\n\n<h2 class=\"wp-block-heading\">Reservation of Rights<\/h2>\n\n\n\n<p>The user undertakes not to remove, delete, alter, manipulate or in any way modify:<\/p>\n\n\n\n<p>Those notes, legends, indications or symbols that either Eusebi Guiral SA or the legitimate holders of the rights incorporate into their properties in terms of intellectual or industrial property (such as, for example, copyright, \u00a9, \u00ae and TM, etc.) .<\/p>\n\n\n\n<p>The technical protection or identification devices that may contain the contents (such as, for example, watermarks, digital prints, etc.).<\/p>\n\n\n\n<p>The access, viewing and, where appropriate, downloading of the contents and \/ or services will always and in any case be carried out for strictly personal and non-commercial purposes.<\/p>\n\n\n\n<p>Eusebi Guiral SA reserves all rights related to intellectual and industrial property on the elements of its website, and does not grant any other license or authorization of use to the user on its property other than that expressly details in this clause. These rights do not apply to images provided by third parties for display on the web and intellectual property rights belong to their rightful owners.<\/p>","protected":false},"excerpt":{"rendered":"<p>El present Av\u00eds Legal regula l\u2019acc\u00e9s per part de l\u2019usuari del lloc web (en endavant, el \u2018Usuari\u2019) als continguts proporcionats per Eusebi Guiral SA. La simple utilitzaci\u00f3 de la informaci\u00f3 continguda en aquesta p\u00e0gina web implica la total acceptaci\u00f3 de l\u2019Av\u00eds Legal, i per aix\u00f2 li recomanem que accedeixi a ell cada vegada que torni [&hellip;]<\/p>","protected":false},"author":1,"featured_media":0,"parent":0,"menu_order":0,"comment_status":"closed","ping_status":"open","template":"","meta":{"_et_pb_use_builder":"off","_et_pb_old_content":"","_et_gb_content_width":"1080","footnotes":""},"class_list":["post-499","page","type-page","status-publish","hentry"],"yoast_head":"<!-- This site is optimized with the Yoast SEO plugin v23.9 - https:\/\/yoast.com\/wordpress\/plugins\/seo\/ -->\n<title>Av\u00eds legal - Eusebi Guiral<\/title>\n<meta name=\"robots\" content=\"noindex, follow\" \/>\n<meta property=\"og:locale\" content=\"en_US\" \/>\n<meta property=\"og:type\" content=\"article\" \/>\n<meta property=\"og:title\" content=\"Av\u00eds legal - Eusebi Guiral\" \/>\n<meta property=\"og:description\" content=\"El present Av\u00eds Legal regula l\u2019acc\u00e9s per part de l\u2019usuari del lloc web (en endavant, el \u2018Usuari\u2019) als continguts proporcionats per Eusebi Guiral SA. La simple utilitzaci\u00f3 de la informaci\u00f3 continguda en aquesta p\u00e0gina web implica la total acceptaci\u00f3 de l\u2019Av\u00eds Legal, i per aix\u00f2 li recomanem que accedeixi a ell cada vegada que torni [&hellip;]\" \/>\n<meta property=\"og:url\" content=\"https:\/\/eusebiguiral.com\/eng\/legal-warning\/\" \/>\n<meta property=\"og:site_name\" content=\"Eusebi Guiral\" \/>\n<meta property=\"article:publisher\" content=\"https:\/\/www.facebook.com\/profile.php?id=61550539299491\" \/>\n<meta property=\"article:modified_time\" content=\"2023-08-28T06:25:58+00:00\" \/>\n<meta name=\"twitter:card\" content=\"summary_large_image\" \/>\n<meta name=\"twitter:label1\" content=\"Est. reading time\" \/>\n\t<meta name=\"twitter:data1\" content=\"9 minutes\" \/>\n<script type=\"application\/ld+json\" class=\"yoast-schema-graph\">{\"@context\":\"https:\/\/schema.org\",\"@graph\":[{\"@type\":\"WebPage\",\"@id\":\"https:\/\/eusebiguiral.com\/avis-legal\/\",\"url\":\"https:\/\/eusebiguiral.com\/avis-legal\/\",\"name\":\"Av\u00eds legal - Eusebi Guiral\",\"isPartOf\":{\"@id\":\"https:\/\/eusebiguiral.com\/#website\"},\"datePublished\":\"2023-05-19T15:12:01+00:00\",\"dateModified\":\"2023-08-28T06:25:58+00:00\",\"breadcrumb\":{\"@id\":\"https:\/\/eusebiguiral.com\/avis-legal\/#breadcrumb\"},\"inLanguage\":\"en-US\",\"potentialAction\":[{\"@type\":\"ReadAction\",\"target\":[\"https:\/\/eusebiguiral.com\/avis-legal\/\"]}]},{\"@type\":\"BreadcrumbList\",\"@id\":\"https:\/\/eusebiguiral.com\/avis-legal\/#breadcrumb\",\"itemListElement\":[{\"@type\":\"ListItem\",\"position\":1,\"name\":\"Inici\",\"item\":\"https:\/\/eusebiguiral.com\/\"},{\"@type\":\"ListItem\",\"position\":2,\"name\":\"Av\u00eds legal\"}]},{\"@type\":\"WebSite\",\"@id\":\"https:\/\/eusebiguiral.com\/#website\",\"url\":\"https:\/\/eusebiguiral.com\/\",\"name\":\"Eusebi Guiral\",\"description\":\"Sabors de temporada que satisfan als teus clients en tot moment\",\"publisher\":{\"@id\":\"https:\/\/eusebiguiral.com\/#organization\"},\"inLanguage\":\"en-US\"},{\"@type\":\"Organization\",\"@id\":\"https:\/\/eusebiguiral.com\/#organization\",\"name\":\"Eusebi Guiral\",\"url\":\"https:\/\/eusebiguiral.com\/\",\"logo\":{\"@type\":\"ImageObject\",\"inLanguage\":\"en-US\",\"@id\":\"https:\/\/eusebiguiral.com\/#\/schema\/logo\/image\/\",\"url\":\"https:\/\/eusebiguiral.com\/wp-content\/uploads\/2023\/08\/logo-eusebi-3dde5f3b43e61195d83a14f1dccefbd31.png\",\"contentUrl\":\"https:\/\/eusebiguiral.com\/wp-content\/uploads\/2023\/08\/logo-eusebi-3dde5f3b43e61195d83a14f1dccefbd31.png\",\"width\":176,\"height\":176,\"caption\":\"Eusebi Guiral\"},\"image\":{\"@id\":\"https:\/\/eusebiguiral.com\/#\/schema\/logo\/image\/\"},\"sameAs\":[\"https:\/\/www.facebook.com\/profile.php?id=61550539299491\",\"https:\/\/www.instagram.com\/eusebiguiralsa\/\"]}]}<\/script>\n<!-- \/ Yoast SEO plugin. -->","yoast_head_json":{"title":"Av\u00eds legal - Eusebi Guiral","robots":{"index":"noindex","follow":"follow"},"og_locale":"en_US","og_type":"article","og_title":"Av\u00eds legal - Eusebi Guiral","og_description":"El present Av\u00eds Legal regula l\u2019acc\u00e9s per part de l\u2019usuari del lloc web (en endavant, el \u2018Usuari\u2019) als continguts proporcionats per Eusebi Guiral SA. La simple utilitzaci\u00f3 de la informaci\u00f3 continguda en aquesta p\u00e0gina web implica la total acceptaci\u00f3 de l\u2019Av\u00eds Legal, i per aix\u00f2 li recomanem que accedeixi a ell cada vegada que torni [&hellip;]","og_url":"https:\/\/eusebiguiral.com\/eng\/legal-warning\/","og_site_name":"Eusebi Guiral","article_publisher":"https:\/\/www.facebook.com\/profile.php?id=61550539299491","article_modified_time":"2023-08-28T06:25:58+00:00","twitter_card":"summary_large_image","twitter_misc":{"Est. reading time":"9 minutes"},"schema":{"@context":"https:\/\/schema.org","@graph":[{"@type":"WebPage","@id":"https:\/\/eusebiguiral.com\/avis-legal\/","url":"https:\/\/eusebiguiral.com\/avis-legal\/","name":"Av\u00eds legal - Eusebi Guiral","isPartOf":{"@id":"https:\/\/eusebiguiral.com\/#website"},"datePublished":"2023-05-19T15:12:01+00:00","dateModified":"2023-08-28T06:25:58+00:00","breadcrumb":{"@id":"https:\/\/eusebiguiral.com\/avis-legal\/#breadcrumb"},"inLanguage":"en-US","potentialAction":[{"@type":"ReadAction","target":["https:\/\/eusebiguiral.com\/avis-legal\/"]}]},{"@type":"BreadcrumbList","@id":"https:\/\/eusebiguiral.com\/avis-legal\/#breadcrumb","itemListElement":[{"@type":"ListItem","position":1,"name":"Inici","item":"https:\/\/eusebiguiral.com\/"},{"@type":"ListItem","position":2,"name":"Av\u00eds legal"}]},{"@type":"WebSite","@id":"https:\/\/eusebiguiral.com\/#website","url":"https:\/\/eusebiguiral.com\/","name":"Eusebi Guiral","description":"Sabors de temporada que satisfan als teus clients en tot moment","publisher":{"@id":"https:\/\/eusebiguiral.com\/#organization"},"inLanguage":"en-US"},{"@type":"Organization","@id":"https:\/\/eusebiguiral.com\/#organization","name":"Eusebi Guiral","url":"https:\/\/eusebiguiral.com\/","logo":{"@type":"ImageObject","inLanguage":"en-US","@id":"https:\/\/eusebiguiral.com\/#\/schema\/logo\/image\/","url":"https:\/\/eusebiguiral.com\/wp-content\/uploads\/2023\/08\/logo-eusebi-3dde5f3b43e61195d83a14f1dccefbd31.png","contentUrl":"https:\/\/eusebiguiral.com\/wp-content\/uploads\/2023\/08\/logo-eusebi-3dde5f3b43e61195d83a14f1dccefbd31.png","width":176,"height":176,"caption":"Eusebi Guiral"},"image":{"@id":"https:\/\/eusebiguiral.com\/#\/schema\/logo\/image\/"},"sameAs":["https:\/\/www.facebook.com\/profile.php?id=61550539299491","https:\/\/www.instagram.com\/eusebiguiralsa\/"]}]}},"_links":{"self":[{"href":"https:\/\/eusebiguiral.com\/eng\/wp-json\/wp\/v2\/pages\/499","targetHints":{"allow":["GET"]}}],"collection":[{"href":"https:\/\/eusebiguiral.com\/eng\/wp-json\/wp\/v2\/pages"}],"about":[{"href":"https:\/\/eusebiguiral.com\/eng\/wp-json\/wp\/v2\/types\/page"}],"author":[{"embeddable":true,"href":"https:\/\/eusebiguiral.com\/eng\/wp-json\/wp\/v2\/users\/1"}],"replies":[{"embeddable":true,"href":"https:\/\/eusebiguiral.com\/eng\/wp-json\/wp\/v2\/comments?post=499"}],"version-history":[{"count":6,"href":"https:\/\/eusebiguiral.com\/eng\/wp-json\/wp\/v2\/pages\/499\/revisions"}],"predecessor-version":[{"id":832,"href":"https:\/\/eusebiguiral.com\/eng\/wp-json\/wp\/v2\/pages\/499\/revisions\/832"}],"wp:attachment":[{"href":"https:\/\/eusebiguiral.com\/eng\/wp-json\/wp\/v2\/media?parent=499"}],"curies":[{"name":"wp","href":"https:\/\/api.w.org\/{rel}","templated":true}]}}