{"id":497,"date":"2023-05-19T15:10:34","date_gmt":"2023-05-19T15:10:34","guid":{"rendered":"https:\/\/eusebiguiral.com\/?page_id=497"},"modified":"2023-08-28T06:27:44","modified_gmt":"2023-08-28T06:27:44","slug":"politica-de-privacitat","status":"publish","type":"page","link":"https:\/\/eusebiguiral.com\/ita\/politica-sulla-riservatezza\/","title":{"rendered":"Politica sulla riservatezza"},"content":{"rendered":"<h2 class=\"wp-block-heading\">Responsabile del trattamento dei dati<\/h2>\n\n\n\n<p>Il responsabile del trattamento dei dati personali raccolti sul sito web di Eusebi Guiral SA \u00e8:<\/p>\n\n\n\n<p>AZIENDA: Eusebi Guiral SA<\/p>\n\n\n\n<p>CIF: A58934019<\/p>\n\n\n\n<p>INDIRIZZO: Mercabarna, Pabell\u00f3n, A, 1054, 56, 08040 Barcellona<\/p>\n\n\n\n<p>TELEFONO: +34 933 35 39 46<\/p>\n\n\n\n<p>E-MAIL: eusebi@eusebiguiral.com<\/p>\n\n\n\n<p>DOMINIO: eusebiguiral.com<\/p>\n\n\n\n<h2 class=\"wp-block-heading\">Finalit\u00e0 del trattamento dei dati<\/h2>\n\n\n\n<p>Lo scopo della raccolta dei dati \u00e8 mantenere un contatto diretto e personalizzato con i nostri Utenti. In questo modo utilizzeremo i tuoi dati per rispondere a qualsiasi domanda o informazione tu possa aver richiesto, gestire le tue richieste e garantirti un&#039;esperienza conforme agli standard pi\u00f9 elevati.<\/p>\n\n\n\n<p>L&#039;e-mail da cui scrivi alla nostra posta, la utilizzeremo per inviarti informazioni relative ai dubbi o preoccupazioni che hai sollevato o per svolgere le procedure o aiutarti con le procedure di cui hai bisogno.<\/p>\n\n\n\n<p>In nessun caso riceverai informazioni da soggetti terzi senza aver prima informato e richiesto il tuo consenso espresso, garantendo in tal modo il rispetto dei parametri della normativa europea; n\u00e9 verr\u00e0 effettuato alcun tipo di trasferimento internazionale che abbia ad oggetto i tuoi dati personali.<\/p>\n\n\n\n<h2 class=\"wp-block-heading\">Qualit\u00e0 dei dati<\/h2>\n\n\n\n<p>Il documento qui mostrato e tutte le informazioni scritte sono conformi all&#039;articolo 4.3 della LOPD. Questo articolo \u00e8 stato modificato l&#039;ultima volta il 24\/08\/2023.<\/p>\n\n\n\n<h2 class=\"wp-block-heading\">Periodo di conservazione dei dati<\/h2>\n\n\n\n<p>I dati personali forniti saranno conservati fino a quando non ne venga richiesta la sospensione da parte dell&#039;interessato, esercitando i propri diritti sui dati, e comunque nel rispetto dei termini di prescrizione di legge applicabili.<\/p>\n\n\n\n<h2 class=\"wp-block-heading\">Cessioni e trasferimenti internazionali di dati<\/h2>\n\n\n\n<p>I dati non saranno comunicati n\u00e9 ceduti ad alcun destinatario.<\/p>\n\n\n\n<h2 class=\"wp-block-heading\">Biscotti<\/h2>\n\n\n\n<p>Un cookie \u00e8 un file che viene scaricato su un computer quando si accede a determinati siti web. I cookie consentono a un sito Web, tra le altre cose, di archiviare e recuperare informazioni sulle abitudini di navigazione di un utente o del suo computer e, a seconda delle informazioni che contengono e del modo in cui utilizza il computer, possono consentire loro di riconoscere l&#039;utente. I cookie sono associati solo a un utente anonimo e al suo computer o dispositivo e non forniscono riferimenti che consentano di identificare i suoi dati personali.<\/p>\n\n\n\n<p>Il sito eusebiguiral.com utilizza cookie delle seguenti tipologie:<\/p>\n\n\n\n<ul class=\"wp-block-list\">\n<li>Cookie tecnici. Sono necessari per l&#039;utilizzo del sito web.<\/li>\n\n\n\n<li>Cookie di personalizzazione. Consentono all&#039;utente di accedere al servizio con caratteristiche predefinite, come lingua, browser, impostazioni regionali, ecc.<\/li>\n\n\n\n<li>Cookie di analisi. Raccolgono informazioni sull&#039;uso del web.<\/li>\n<\/ul>\n\n\n\n<p>I cookie analitici di terze parti che Eusebi Guiral SA utilizza sul suo portale sono quelli di Google Analytics: cookie analitici che raccolgono informazioni sul traffico e sul comportamento degli utenti sul web in modo anonimo.<\/p>\n\n\n\n<p>L&#039;utilizzo di cookie di terze parti \u00e8 soggetto alle politiche sulla privacy di tali terze parti.<\/p>\n\n\n\n<p>I cookie vengono installati ogni volta che l&#039;utente d\u00e0 il permesso al proprio browser. L&#039;utente pu\u00f2 sempre, se lo ritiene opportuno, attivare le opzioni del browser per rifiutare l&#039;installazione dei cookie.<\/p>\n\n\n\n<h2 class=\"wp-block-heading\">Diritti dell&#039;utente<\/h2>\n\n\n\n<p>L&#039;utente ha i seguenti diritti sui propri dati:<\/p>\n\n\n\n<p><strong>accesso<\/strong>: consente all&#039;utente di richiedere informazioni al gestore di un file sull&#039;eventuale elaborazione dei dati.<\/p>\n\n\n\n<p><strong>rettifica<\/strong>: consente all&#039;utente interessato di richiedere la modifica di dati inesatti o incompleti.<\/p>\n\n\n\n<p><strong>Cancellazione<\/strong>: L&#039;utente interessato pu\u00f2 richiedere la cancellazione dei dati inappropriati o eccessivi, fermo restando l&#039;obbligo di blocco.<\/p>\n\n\n\n<p><strong>opposizione<\/strong>: si tratta del diritto di un utente di opporsi al trattamento dei propri dati personali.<\/p>\n\n\n\n<p><strong>portabilit\u00e0<\/strong>: Potrai ricevere i dati personali da te forniti in un formato strutturato, di uso comune e leggibile da dispositivo automatico e potrai trasmetterli ad un altro responsabile, ogniqualvolta ci\u00f2 sia tecnicamente possibile.<\/p>\n\n\n\n<p><strong>dimenticato<\/strong>: L&#039;utente pu\u00f2 richiedere la cancellazione dei dati personali senza dovuto ritardo quando si verifica uno dei casi previsti. Ad esempio, trattamento illecito dei dati o quando viene meno lo scopo che ha motivato il trattamento o la raccolta.<\/p>\n\n\n\n<p><strong>Limitazione nel trattamento: <\/strong>In generale, nei casi in cui non sia chiaro se i dati personali debbano essere cancellati, puoi esercitare il tuo diritto alla limitazione del trattamento. Questo diritto esiste nei seguenti casi: (i) quando l&#039;esattezza dei dati in questione \u00e8 dubbia; (ii) quando non si desidera che i dati vengano cancellati; (iii) quando i dati non sono pi\u00f9 necessari per lo scopo originario, ma da essi possono derivare azioni legali; (iv) quando \u00e8 pendente la decisione sulla tua opposizione al trattamento.<\/p>\n\n\n\n<p>Per esercitare i propri diritti, l&#039;utente pu\u00f2 contattare eusebi@eusebiguiral.com o tramite posta scritta a Mercabarna, Pabell\u00f3n, A, 1054, 56, 08040 Barcelona<\/p>","protected":false},"excerpt":{"rendered":"<p>Responsable del tractament de les dades El responsable del tractament de dades personals recollides al web de Eusebi Guiral SA \u00e9s: EMPRESA: Eusebi Guiral SA CIF: A58934019 DOMICILI: Mercabarna, Pabell\u00f3n, A, 1054, 56, 08040 Barcelona TEL\u00c8FON: +34 933 35 39 46 EMAIL: eusebi@eusebiguiral.com DOMINI: eusebiguiral.com Finalitat del tractament de les dades La finalitat de la [&hellip;]<\/p>","protected":false},"author":1,"featured_media":0,"parent":0,"menu_order":0,"comment_status":"closed","ping_status":"open","template":"","meta":{"_et_pb_use_builder":"off","_et_pb_old_content":"","_et_gb_content_width":"1080","footnotes":""},"class_list":["post-497","page","type-page","status-publish","hentry"],"yoast_head":"<!-- This site is optimized with the Yoast SEO plugin v23.9 - https:\/\/yoast.com\/wordpress\/plugins\/seo\/ -->\n<title>Pol\u00edtica de privacitat - Eusebi Guiral<\/title>\n<meta name=\"robots\" content=\"noindex, follow\" \/>\n<meta property=\"og:locale\" content=\"it_IT\" \/>\n<meta property=\"og:type\" content=\"article\" \/>\n<meta property=\"og:title\" content=\"Pol\u00edtica de privacitat - Eusebi Guiral\" \/>\n<meta property=\"og:description\" content=\"Responsable del tractament de les dades El responsable del tractament de dades personals recollides al web de Eusebi Guiral SA \u00e9s: EMPRESA: Eusebi Guiral SA CIF: A58934019 DOMICILI: Mercabarna, Pabell\u00f3n, A, 1054, 56, 08040 Barcelona TEL\u00c8FON: +34 933 35 39 46 EMAIL: eusebi@eusebiguiral.com DOMINI: eusebiguiral.com Finalitat del tractament de les dades La finalitat de la [&hellip;]\" \/>\n<meta property=\"og:url\" content=\"https:\/\/eusebiguiral.com\/ita\/politica-sulla-riservatezza\/\" \/>\n<meta property=\"og:site_name\" content=\"Eusebi Guiral\" \/>\n<meta property=\"article:publisher\" content=\"https:\/\/www.facebook.com\/profile.php?id=61550539299491\" \/>\n<meta property=\"article:modified_time\" content=\"2023-08-28T06:27:44+00:00\" \/>\n<meta name=\"twitter:card\" content=\"summary_large_image\" \/>\n<meta name=\"twitter:label1\" content=\"Tempo di lettura stimato\" \/>\n\t<meta name=\"twitter:data1\" content=\"5 minuti\" \/>\n<script type=\"application\/ld+json\" class=\"yoast-schema-graph\">{\"@context\":\"https:\/\/schema.org\",\"@graph\":[{\"@type\":\"WebPage\",\"@id\":\"https:\/\/eusebiguiral.com\/politica-de-privacitat\/\",\"url\":\"https:\/\/eusebiguiral.com\/politica-de-privacitat\/\",\"name\":\"Pol\u00edtica de privacitat - Eusebi Guiral\",\"isPartOf\":{\"@id\":\"https:\/\/eusebiguiral.com\/#website\"},\"datePublished\":\"2023-05-19T15:10:34+00:00\",\"dateModified\":\"2023-08-28T06:27:44+00:00\",\"breadcrumb\":{\"@id\":\"https:\/\/eusebiguiral.com\/politica-de-privacitat\/#breadcrumb\"},\"inLanguage\":\"it-IT\",\"potentialAction\":[{\"@type\":\"ReadAction\",\"target\":[\"https:\/\/eusebiguiral.com\/politica-de-privacitat\/\"]}]},{\"@type\":\"BreadcrumbList\",\"@id\":\"https:\/\/eusebiguiral.com\/politica-de-privacitat\/#breadcrumb\",\"itemListElement\":[{\"@type\":\"ListItem\",\"position\":1,\"name\":\"Inici\",\"item\":\"https:\/\/eusebiguiral.com\/\"},{\"@type\":\"ListItem\",\"position\":2,\"name\":\"Pol\u00edtica de privacitat\"}]},{\"@type\":\"WebSite\",\"@id\":\"https:\/\/eusebiguiral.com\/#website\",\"url\":\"https:\/\/eusebiguiral.com\/\",\"name\":\"Eusebi Guiral\",\"description\":\"Sabors de temporada que satisfan als teus clients en tot moment\",\"publisher\":{\"@id\":\"https:\/\/eusebiguiral.com\/#organization\"},\"inLanguage\":\"it-IT\"},{\"@type\":\"Organization\",\"@id\":\"https:\/\/eusebiguiral.com\/#organization\",\"name\":\"Eusebi Guiral\",\"url\":\"https:\/\/eusebiguiral.com\/\",\"logo\":{\"@type\":\"ImageObject\",\"inLanguage\":\"it-IT\",\"@id\":\"https:\/\/eusebiguiral.com\/#\/schema\/logo\/image\/\",\"url\":\"https:\/\/eusebiguiral.com\/wp-content\/uploads\/2023\/08\/logo-eusebi-3dde5f3b43e61195d83a14f1dccefbd31.png\",\"contentUrl\":\"https:\/\/eusebiguiral.com\/wp-content\/uploads\/2023\/08\/logo-eusebi-3dde5f3b43e61195d83a14f1dccefbd31.png\",\"width\":176,\"height\":176,\"caption\":\"Eusebi Guiral\"},\"image\":{\"@id\":\"https:\/\/eusebiguiral.com\/#\/schema\/logo\/image\/\"},\"sameAs\":[\"https:\/\/www.facebook.com\/profile.php?id=61550539299491\",\"https:\/\/www.instagram.com\/eusebiguiralsa\/\"]}]}<\/script>\n<!-- \/ Yoast SEO plugin. -->","yoast_head_json":{"title":"Pol\u00edtica de privacitat - Eusebi Guiral","robots":{"index":"noindex","follow":"follow"},"og_locale":"it_IT","og_type":"article","og_title":"Pol\u00edtica de privacitat - Eusebi Guiral","og_description":"Responsable del tractament de les dades El responsable del tractament de dades personals recollides al web de Eusebi Guiral SA \u00e9s: EMPRESA: Eusebi Guiral SA CIF: A58934019 DOMICILI: Mercabarna, Pabell\u00f3n, A, 1054, 56, 08040 Barcelona TEL\u00c8FON: +34 933 35 39 46 EMAIL: eusebi@eusebiguiral.com DOMINI: eusebiguiral.com Finalitat del tractament de les dades La finalitat de la [&hellip;]","og_url":"https:\/\/eusebiguiral.com\/ita\/politica-sulla-riservatezza\/","og_site_name":"Eusebi Guiral","article_publisher":"https:\/\/www.facebook.com\/profile.php?id=61550539299491","article_modified_time":"2023-08-28T06:27:44+00:00","twitter_card":"summary_large_image","twitter_misc":{"Tempo di lettura stimato":"5 minuti"},"schema":{"@context":"https:\/\/schema.org","@graph":[{"@type":"WebPage","@id":"https:\/\/eusebiguiral.com\/politica-de-privacitat\/","url":"https:\/\/eusebiguiral.com\/politica-de-privacitat\/","name":"Pol\u00edtica de privacitat - Eusebi Guiral","isPartOf":{"@id":"https:\/\/eusebiguiral.com\/#website"},"datePublished":"2023-05-19T15:10:34+00:00","dateModified":"2023-08-28T06:27:44+00:00","breadcrumb":{"@id":"https:\/\/eusebiguiral.com\/politica-de-privacitat\/#breadcrumb"},"inLanguage":"it-IT","potentialAction":[{"@type":"ReadAction","target":["https:\/\/eusebiguiral.com\/politica-de-privacitat\/"]}]},{"@type":"BreadcrumbList","@id":"https:\/\/eusebiguiral.com\/politica-de-privacitat\/#breadcrumb","itemListElement":[{"@type":"ListItem","position":1,"name":"Inici","item":"https:\/\/eusebiguiral.com\/"},{"@type":"ListItem","position":2,"name":"Pol\u00edtica de privacitat"}]},{"@type":"WebSite","@id":"https:\/\/eusebiguiral.com\/#website","url":"https:\/\/eusebiguiral.com\/","name":"Eusebi Guiral","description":"Sabors de temporada que satisfan als teus clients en tot moment","publisher":{"@id":"https:\/\/eusebiguiral.com\/#organization"},"inLanguage":"it-IT"},{"@type":"Organization","@id":"https:\/\/eusebiguiral.com\/#organization","name":"Eusebi Guiral","url":"https:\/\/eusebiguiral.com\/","logo":{"@type":"ImageObject","inLanguage":"it-IT","@id":"https:\/\/eusebiguiral.com\/#\/schema\/logo\/image\/","url":"https:\/\/eusebiguiral.com\/wp-content\/uploads\/2023\/08\/logo-eusebi-3dde5f3b43e61195d83a14f1dccefbd31.png","contentUrl":"https:\/\/eusebiguiral.com\/wp-content\/uploads\/2023\/08\/logo-eusebi-3dde5f3b43e61195d83a14f1dccefbd31.png","width":176,"height":176,"caption":"Eusebi Guiral"},"image":{"@id":"https:\/\/eusebiguiral.com\/#\/schema\/logo\/image\/"},"sameAs":["https:\/\/www.facebook.com\/profile.php?id=61550539299491","https:\/\/www.instagram.com\/eusebiguiralsa\/"]}]}},"_links":{"self":[{"href":"https:\/\/eusebiguiral.com\/ita\/wp-json\/wp\/v2\/pages\/497","targetHints":{"allow":["GET"]}}],"collection":[{"href":"https:\/\/eusebiguiral.com\/ita\/wp-json\/wp\/v2\/pages"}],"about":[{"href":"https:\/\/eusebiguiral.com\/ita\/wp-json\/wp\/v2\/types\/page"}],"author":[{"embeddable":true,"href":"https:\/\/eusebiguiral.com\/ita\/wp-json\/wp\/v2\/users\/1"}],"replies":[{"embeddable":true,"href":"https:\/\/eusebiguiral.com\/ita\/wp-json\/wp\/v2\/comments?post=497"}],"version-history":[{"count":3,"href":"https:\/\/eusebiguiral.com\/ita\/wp-json\/wp\/v2\/pages\/497\/revisions"}],"predecessor-version":[{"id":833,"href":"https:\/\/eusebiguiral.com\/ita\/wp-json\/wp\/v2\/pages\/497\/revisions\/833"}],"wp:attachment":[{"href":"https:\/\/eusebiguiral.com\/ita\/wp-json\/wp\/v2\/media?parent=497"}],"curies":[{"name":"wp","href":"https:\/\/api.w.org\/{rel}","templated":true}]}}